{"id":4679,"date":"2021-05-09T21:05:57","date_gmt":"2021-05-09T21:05:57","guid":{"rendered":"https:\/\/ladifference-roussillon.com\/\/?post_type=product&#038;p=4679"},"modified":"2026-02-15T20:23:24","modified_gmt":"2026-02-15T20:23:24","slug":"la-difference","status":"publish","type":"product","link":"https:\/\/ladifference-roussillon.com\/en\/la-difference\/","title":{"rendered":"La diff\u00e9rence"},"content":{"rendered":"","protected":false},"excerpt":{"rendered":"<div class=\"page\" title=\"Page 1\">\n<div class=\"section\">\n<div class=\"layoutArea\">\n<div class=\"column\">\n<p><strong>AOP C\u00f4tes du Roussillon Villages Tautavel<\/strong><\/p>\n<p>Icon of our Estate, this vintage has something magical! Because we dreamed of a great wine in Roussillon, we searched for and found a plot that met all the conditions to extract the quintessence of the terroir of the Tautavel appellation and thus make &quot;The Difference&quot;.<\/p>\n<p>Passion, high standards and hard work have guided us to make this crazy dream a reality! La Diff\u00e9rence is now recognized by its peers and the specialist press as an essential Roussillon vintage; &quot;An aromatic bomb to taste when you want to approach the terroir potential of the vintage, pushed to its peak of demand&quot; (article from Terre de Vins, 6 Nov. 2018).<\/p>\n<\/div>\n<\/div>\n<\/div>\n<\/div>","protected":false},"featured_media":5566,"template":"","meta":{"_acf_changed":false,"_uag_custom_page_level_css":""},"product_brand":[],"product_cat":[93],"product_tag":[],"class_list":{"0":"post-4679","1":"product","2":"type-product","3":"status-publish","4":"has-post-thumbnail","6":"product_cat-les-rouges","7":"product_shipping_class-livraison-standard","9":"first","10":"instock","11":"sale","12":"taxable","13":"shipping-taxable","14":"purchasable","15":"product-type-variable"},"acf":[],"uagb_featured_image_src":{"full":["https:\/\/ladifference-roussillon.com\/wp-content\/uploads\/2021\/11\/La-diffe\u0301rence-rouge.jpg",827,827,false],"thumbnail":["https:\/\/ladifference-roussillon.com\/wp-content\/uploads\/2021\/11\/La-diffe\u0301rence-rouge-150x150.jpg",150,150,true],"medium":["https:\/\/ladifference-roussillon.com\/wp-content\/uploads\/2021\/11\/La-diffe\u0301rence-rouge-300x300.jpg",300,300,true],"medium_large":["https:\/\/ladifference-roussillon.com\/wp-content\/uploads\/2021\/11\/La-diffe\u0301rence-rouge-768x768.jpg",768,768,true],"large":["https:\/\/ladifference-roussillon.com\/wp-content\/uploads\/2021\/11\/La-diffe\u0301rence-rouge.jpg",827,827,false],"1536x1536":["https:\/\/ladifference-roussillon.com\/wp-content\/uploads\/2021\/11\/La-diffe\u0301rence-rouge.jpg",827,827,false],"2048x2048":["https:\/\/ladifference-roussillon.com\/wp-content\/uploads\/2021\/11\/La-diffe\u0301rence-rouge.jpg",827,827,false],"trp-custom-language-flag":["https:\/\/ladifference-roussillon.com\/wp-content\/uploads\/2021\/11\/La-diffe\u0301rence-rouge-12x12.jpg",12,12,true],"aperitif_image_size_square":["https:\/\/ladifference-roussillon.com\/wp-content\/uploads\/2021\/11\/La-diffe\u0301rence-rouge-650x650.jpg",650,650,true],"aperitif_image_size_landscape":["https:\/\/ladifference-roussillon.com\/wp-content\/uploads\/2021\/11\/La-diffe\u0301rence-rouge-827x650.jpg",827,650,true],"aperitif_image_size_portrait":["https:\/\/ladifference-roussillon.com\/wp-content\/uploads\/2021\/11\/La-diffe\u0301rence-rouge-650x827.jpg",650,827,true],"aperitif_image_size_huge-square":["https:\/\/ladifference-roussillon.com\/wp-content\/uploads\/2021\/11\/La-diffe\u0301rence-rouge.jpg",827,827,false],"woocommerce_thumbnail":["https:\/\/ladifference-roussillon.com\/wp-content\/uploads\/2021\/11\/La-diffe\u0301rence-rouge-300x300.jpg",300,300,true],"woocommerce_single":["https:\/\/ladifference-roussillon.com\/wp-content\/uploads\/2021\/11\/La-diffe\u0301rence-rouge-600x600.jpg",600,600,true],"woocommerce_gallery_thumbnail":["https:\/\/ladifference-roussillon.com\/wp-content\/uploads\/2021\/11\/La-diffe\u0301rence-rouge-100x100.jpg",100,100,true]},"uagb_author_info":{"display_name":"diff","author_link":"https:\/\/ladifference-roussillon.com\/en\/author\/"},"uagb_comment_info":0,"uagb_excerpt":"AOP C\u00f4tes du Roussillon Villages Tautavel Ic\u00f4ne de notre Domaine, cette cuv\u00e9e a quelque chose de magique ! Parce que nous r\u00eavions d\u2019un grand vin en Roussillon, nous avons cherch\u00e9 et trouv\u00e9 une parcelle qui r\u00e9unissait toutes les conditions pour extraire la quintessence du terroir de l\u2019appellation Tautavel et faire ainsi \u00ab La Diff\u00e9rence \u00bb.&hellip;","_links":{"self":[{"href":"https:\/\/ladifference-roussillon.com\/en\/wp-json\/wp\/v2\/product\/4679","targetHints":{"allow":["GET"]}}],"collection":[{"href":"https:\/\/ladifference-roussillon.com\/en\/wp-json\/wp\/v2\/product"}],"about":[{"href":"https:\/\/ladifference-roussillon.com\/en\/wp-json\/wp\/v2\/types\/product"}],"wp:featuredmedia":[{"embeddable":true,"href":"https:\/\/ladifference-roussillon.com\/en\/wp-json\/wp\/v2\/media\/5566"}],"wp:attachment":[{"href":"https:\/\/ladifference-roussillon.com\/en\/wp-json\/wp\/v2\/media?parent=4679"}],"wp:term":[{"taxonomy":"product_brand","embeddable":true,"href":"https:\/\/ladifference-roussillon.com\/en\/wp-json\/wp\/v2\/product_brand?post=4679"},{"taxonomy":"product_cat","embeddable":true,"href":"https:\/\/ladifference-roussillon.com\/en\/wp-json\/wp\/v2\/product_cat?post=4679"},{"taxonomy":"product_tag","embeddable":true,"href":"https:\/\/ladifference-roussillon.com\/en\/wp-json\/wp\/v2\/product_tag?post=4679"}],"curies":[{"name":"wp","href":"https:\/\/api.w.org\/{rel}","templated":true}]}}