{"id":4689,"date":"2021-05-09T21:23:40","date_gmt":"2021-05-09T21:23:40","guid":{"rendered":"https:\/\/ladifference-roussillon.com\/\/?post_type=product&#038;p=4689"},"modified":"2025-08-27T13:39:33","modified_gmt":"2025-08-27T13:39:33","slug":"la-difference-rose","status":"publish","type":"product","link":"https:\/\/ladifference-roussillon.com\/en\/la-difference-rose\/","title":{"rendered":"Difference ros\u00e9"},"content":{"rendered":"","protected":false},"excerpt":{"rendered":"<div class=\"page\" title=\"Page 1\">\n<div class=\"section\">\n<div class=\"layoutArea\">\n<div class=\"column\">\n<p><strong>Wine of France<\/strong><\/p>\n<p>You like it in red\u2026.you&#039;ll love it in ros\u00e9!<\/p>\n<p>With a beautiful peach color, La Diff\u00e9rence ros\u00e9 offers you a nose of fresh red berries, combined with notes of candy.<br \/>\nThe palate is both delicious and fresh, balanced and pleasantly lively.<\/p>\n<\/div>\n<\/div>\n<\/div>\n<\/div>","protected":false},"featured_media":5567,"template":"","meta":{"_acf_changed":false,"_uag_custom_page_level_css":""},"product_brand":[],"product_cat":[95],"product_tag":[],"class_list":{"0":"post-4689","1":"product","2":"type-product","3":"status-publish","4":"has-post-thumbnail","6":"product_cat-les-roses","7":"product_shipping_class-livraison-standard","9":"first","10":"outofstock","11":"taxable","12":"shipping-taxable","13":"product-type-variable"},"acf":[],"uagb_featured_image_src":{"full":["https:\/\/ladifference-roussillon.com\/wp-content\/uploads\/2021\/11\/la-diffe\u0301rence-rose.jpg",827,827,false],"thumbnail":["https:\/\/ladifference-roussillon.com\/wp-content\/uploads\/2021\/11\/la-diffe\u0301rence-rose-150x150.jpg",150,150,true],"medium":["https:\/\/ladifference-roussillon.com\/wp-content\/uploads\/2021\/11\/la-diffe\u0301rence-rose-300x300.jpg",300,300,true],"medium_large":["https:\/\/ladifference-roussillon.com\/wp-content\/uploads\/2021\/11\/la-diffe\u0301rence-rose-768x768.jpg",768,768,true],"large":["https:\/\/ladifference-roussillon.com\/wp-content\/uploads\/2021\/11\/la-diffe\u0301rence-rose.jpg",827,827,false],"1536x1536":["https:\/\/ladifference-roussillon.com\/wp-content\/uploads\/2021\/11\/la-diffe\u0301rence-rose.jpg",827,827,false],"2048x2048":["https:\/\/ladifference-roussillon.com\/wp-content\/uploads\/2021\/11\/la-diffe\u0301rence-rose.jpg",827,827,false],"trp-custom-language-flag":["https:\/\/ladifference-roussillon.com\/wp-content\/uploads\/2021\/11\/la-diffe\u0301rence-rose-12x12.jpg",12,12,true],"aperitif_image_size_square":["https:\/\/ladifference-roussillon.com\/wp-content\/uploads\/2021\/11\/la-diffe\u0301rence-rose-650x650.jpg",650,650,true],"aperitif_image_size_landscape":["https:\/\/ladifference-roussillon.com\/wp-content\/uploads\/2021\/11\/la-diffe\u0301rence-rose-827x650.jpg",827,650,true],"aperitif_image_size_portrait":["https:\/\/ladifference-roussillon.com\/wp-content\/uploads\/2021\/11\/la-diffe\u0301rence-rose-650x827.jpg",650,827,true],"aperitif_image_size_huge-square":["https:\/\/ladifference-roussillon.com\/wp-content\/uploads\/2021\/11\/la-diffe\u0301rence-rose.jpg",827,827,false],"woocommerce_thumbnail":["https:\/\/ladifference-roussillon.com\/wp-content\/uploads\/2021\/11\/la-diffe\u0301rence-rose-300x300.jpg",300,300,true],"woocommerce_single":["https:\/\/ladifference-roussillon.com\/wp-content\/uploads\/2021\/11\/la-diffe\u0301rence-rose-600x600.jpg",600,600,true],"woocommerce_gallery_thumbnail":["https:\/\/ladifference-roussillon.com\/wp-content\/uploads\/2021\/11\/la-diffe\u0301rence-rose-100x100.jpg",100,100,true]},"uagb_author_info":{"display_name":"diff","author_link":"https:\/\/ladifference-roussillon.com\/en\/author\/"},"uagb_comment_info":0,"uagb_excerpt":"Vin de France Vous l\u2019aimez en rouge.... vous l\u2019adorerez en ros\u00e9 ! D\u2019une belle robe p\u00eache, La Diff\u00e9rence ros\u00e9 vous offre un nez de petits fruits rouges, frais, assortis de notes de bonbon. La bouche est tout \u00e0 la fois gourmande et fra\u00eeche, \u00e9quilibr\u00e9e et d'une agr\u00e9able vivacit\u00e9.","_links":{"self":[{"href":"https:\/\/ladifference-roussillon.com\/en\/wp-json\/wp\/v2\/product\/4689","targetHints":{"allow":["GET"]}}],"collection":[{"href":"https:\/\/ladifference-roussillon.com\/en\/wp-json\/wp\/v2\/product"}],"about":[{"href":"https:\/\/ladifference-roussillon.com\/en\/wp-json\/wp\/v2\/types\/product"}],"wp:featuredmedia":[{"embeddable":true,"href":"https:\/\/ladifference-roussillon.com\/en\/wp-json\/wp\/v2\/media\/5567"}],"wp:attachment":[{"href":"https:\/\/ladifference-roussillon.com\/en\/wp-json\/wp\/v2\/media?parent=4689"}],"wp:term":[{"taxonomy":"product_brand","embeddable":true,"href":"https:\/\/ladifference-roussillon.com\/en\/wp-json\/wp\/v2\/product_brand?post=4689"},{"taxonomy":"product_cat","embeddable":true,"href":"https:\/\/ladifference-roussillon.com\/en\/wp-json\/wp\/v2\/product_cat?post=4689"},{"taxonomy":"product_tag","embeddable":true,"href":"https:\/\/ladifference-roussillon.com\/en\/wp-json\/wp\/v2\/product_tag?post=4689"}],"curies":[{"name":"wp","href":"https:\/\/api.w.org\/{rel}","templated":true}]}}