{"id":4690,"date":"2021-05-09T21:25:51","date_gmt":"2021-05-09T21:25:51","guid":{"rendered":"https:\/\/ladifference-roussillon.com\/\/?post_type=product&#038;p=4690"},"modified":"2026-03-12T16:08:09","modified_gmt":"2026-03-12T16:08:09","slug":"la-racine-carre-rouge","status":"publish","type":"product","link":"https:\/\/ladifference-roussillon.com\/en\/la-racine-carre-rouge\/","title":{"rendered":"The Square Root"},"content":{"rendered":"<p>(<\/p>","protected":false},"excerpt":{"rendered":"<p><strong>AOP C\u00f4tes du Roussillon Villages<\/strong><\/p>\n<p>Our bestseller, the one that often leads you to us... it will surprise you with its modernity and elegance!<\/p>\n<p>Ample, complex, all in finesse and elegance, our Racine Carr\u00e9e is an ode to its Catalan land.<\/p>","protected":false},"featured_media":5562,"template":"","meta":{"_acf_changed":false,"_uag_custom_page_level_css":""},"product_brand":[],"product_cat":[93],"product_tag":[],"class_list":{"0":"post-4690","1":"product","2":"type-product","3":"status-publish","4":"has-post-thumbnail","6":"product_cat-les-rouges","7":"product_shipping_class-livraison-standard","9":"first","10":"instock","11":"taxable","12":"shipping-taxable","13":"purchasable","14":"product-type-variable"},"acf":[],"uagb_featured_image_src":{"full":["https:\/\/ladifference-roussillon.com\/wp-content\/uploads\/2021\/11\/racine-carre\u0301-rouge0.jpg",827,827,false],"thumbnail":["https:\/\/ladifference-roussillon.com\/wp-content\/uploads\/2021\/11\/racine-carre\u0301-rouge0-150x150.jpg",150,150,true],"medium":["https:\/\/ladifference-roussillon.com\/wp-content\/uploads\/2021\/11\/racine-carre\u0301-rouge0-300x300.jpg",300,300,true],"medium_large":["https:\/\/ladifference-roussillon.com\/wp-content\/uploads\/2021\/11\/racine-carre\u0301-rouge0-768x768.jpg",768,768,true],"large":["https:\/\/ladifference-roussillon.com\/wp-content\/uploads\/2021\/11\/racine-carre\u0301-rouge0.jpg",827,827,false],"1536x1536":["https:\/\/ladifference-roussillon.com\/wp-content\/uploads\/2021\/11\/racine-carre\u0301-rouge0.jpg",827,827,false],"2048x2048":["https:\/\/ladifference-roussillon.com\/wp-content\/uploads\/2021\/11\/racine-carre\u0301-rouge0.jpg",827,827,false],"trp-custom-language-flag":["https:\/\/ladifference-roussillon.com\/wp-content\/uploads\/2021\/11\/racine-carre\u0301-rouge0-12x12.jpg",12,12,true],"aperitif_image_size_square":["https:\/\/ladifference-roussillon.com\/wp-content\/uploads\/2021\/11\/racine-carre\u0301-rouge0-650x650.jpg",650,650,true],"aperitif_image_size_landscape":["https:\/\/ladifference-roussillon.com\/wp-content\/uploads\/2021\/11\/racine-carre\u0301-rouge0-827x650.jpg",827,650,true],"aperitif_image_size_portrait":["https:\/\/ladifference-roussillon.com\/wp-content\/uploads\/2021\/11\/racine-carre\u0301-rouge0-650x827.jpg",650,827,true],"aperitif_image_size_huge-square":["https:\/\/ladifference-roussillon.com\/wp-content\/uploads\/2021\/11\/racine-carre\u0301-rouge0.jpg",827,827,false],"woocommerce_thumbnail":["https:\/\/ladifference-roussillon.com\/wp-content\/uploads\/2021\/11\/racine-carre\u0301-rouge0-300x300.jpg",300,300,true],"woocommerce_single":["https:\/\/ladifference-roussillon.com\/wp-content\/uploads\/2021\/11\/racine-carre\u0301-rouge0-600x600.jpg",600,600,true],"woocommerce_gallery_thumbnail":["https:\/\/ladifference-roussillon.com\/wp-content\/uploads\/2021\/11\/racine-carre\u0301-rouge0-100x100.jpg",100,100,true]},"uagb_author_info":{"display_name":"diff","author_link":"https:\/\/ladifference-roussillon.com\/en\/author\/"},"uagb_comment_info":0,"uagb_excerpt":"AOP C\u00f4tes du Roussillon Villages Notre best-seller, celle qui vous m\u00e8ne souvent jusqu\u2019\u00e0 nous \u2026 elle vous surprendra par sa modernit\u00e9 et son \u00e9l\u00e9gance ! Ample, complexe, tout en finesse et \u00e9l\u00e9gance, notre Racine Carr\u00e9e est une ode \u00e0 sa terre catalane.","_links":{"self":[{"href":"https:\/\/ladifference-roussillon.com\/en\/wp-json\/wp\/v2\/product\/4690","targetHints":{"allow":["GET"]}}],"collection":[{"href":"https:\/\/ladifference-roussillon.com\/en\/wp-json\/wp\/v2\/product"}],"about":[{"href":"https:\/\/ladifference-roussillon.com\/en\/wp-json\/wp\/v2\/types\/product"}],"wp:featuredmedia":[{"embeddable":true,"href":"https:\/\/ladifference-roussillon.com\/en\/wp-json\/wp\/v2\/media\/5562"}],"wp:attachment":[{"href":"https:\/\/ladifference-roussillon.com\/en\/wp-json\/wp\/v2\/media?parent=4690"}],"wp:term":[{"taxonomy":"product_brand","embeddable":true,"href":"https:\/\/ladifference-roussillon.com\/en\/wp-json\/wp\/v2\/product_brand?post=4690"},{"taxonomy":"product_cat","embeddable":true,"href":"https:\/\/ladifference-roussillon.com\/en\/wp-json\/wp\/v2\/product_cat?post=4690"},{"taxonomy":"product_tag","embeddable":true,"href":"https:\/\/ladifference-roussillon.com\/en\/wp-json\/wp\/v2\/product_tag?post=4690"}],"curies":[{"name":"wp","href":"https:\/\/api.w.org\/{rel}","templated":true}]}}