{"id":4692,"date":"2021-05-09T21:25:54","date_gmt":"2021-05-09T21:25:54","guid":{"rendered":"https:\/\/ladifference-roussillon.com\/\/?post_type=product&#038;p=4692"},"modified":"2025-08-27T13:55:48","modified_gmt":"2025-08-27T13:55:48","slug":"la-racine-carree-rose","status":"publish","type":"product","link":"https:\/\/ladifference-roussillon.com\/en\/la-racine-carree-rose\/","title":{"rendered":"La Racine Carr\u00e9e ros\u00e9"},"content":{"rendered":"","protected":false},"excerpt":{"rendered":"<div class=\"page\" title=\"Page 1\">\n<div class=\"section\">\n<div class=\"layoutArea\">\n<div class=\"column\">\n<p><strong>AOP Languedoc<\/strong><\/p>\n<p>Racine Carr\u00e9e is also available in ros\u00e9!<\/p>\n<\/div>\n<\/div>\n<\/div>\n<\/div>\n<p>A 100 % ros\u00e9 pleasure! We love it for its simplicity, its frankness and its balance. Let yourself be tempted by its finesse and its vivacity! Be crazy, dare to taste it in winter as a sunny booster shot.<\/p>","protected":false},"featured_media":6177,"template":"","meta":{"_acf_changed":false,"_uag_custom_page_level_css":""},"product_brand":[],"product_cat":[95],"product_tag":[],"class_list":{"0":"post-4692","1":"product","2":"type-product","3":"status-publish","4":"has-post-thumbnail","6":"product_cat-les-roses","7":"product_shipping_class-livraison-standard","9":"first","10":"instock","11":"taxable","12":"shipping-taxable","13":"purchasable","14":"product-type-variable"},"acf":[],"uagb_featured_image_src":{"full":["https:\/\/ladifference-roussillon.com\/wp-content\/uploads\/2024\/11\/La-Racine-Caree-Rose-1-827x827px.png",827,827,false],"thumbnail":["https:\/\/ladifference-roussillon.com\/wp-content\/uploads\/2024\/11\/La-Racine-Caree-Rose-1-827x827px-150x150.png",150,150,true],"medium":["https:\/\/ladifference-roussillon.com\/wp-content\/uploads\/2024\/11\/La-Racine-Caree-Rose-1-827x827px-300x300.png",300,300,true],"medium_large":["https:\/\/ladifference-roussillon.com\/wp-content\/uploads\/2024\/11\/La-Racine-Caree-Rose-1-827x827px-768x768.png",768,768,true],"large":["https:\/\/ladifference-roussillon.com\/wp-content\/uploads\/2024\/11\/La-Racine-Caree-Rose-1-827x827px.png",827,827,false],"1536x1536":["https:\/\/ladifference-roussillon.com\/wp-content\/uploads\/2024\/11\/La-Racine-Caree-Rose-1-827x827px.png",827,827,false],"2048x2048":["https:\/\/ladifference-roussillon.com\/wp-content\/uploads\/2024\/11\/La-Racine-Caree-Rose-1-827x827px.png",827,827,false],"trp-custom-language-flag":["https:\/\/ladifference-roussillon.com\/wp-content\/uploads\/2024\/11\/La-Racine-Caree-Rose-1-827x827px-12x12.png",12,12,true],"aperitif_image_size_square":["https:\/\/ladifference-roussillon.com\/wp-content\/uploads\/2024\/11\/La-Racine-Caree-Rose-1-827x827px-650x650.png",650,650,true],"aperitif_image_size_landscape":["https:\/\/ladifference-roussillon.com\/wp-content\/uploads\/2024\/11\/La-Racine-Caree-Rose-1-827x827px-827x650.png",827,650,true],"aperitif_image_size_portrait":["https:\/\/ladifference-roussillon.com\/wp-content\/uploads\/2024\/11\/La-Racine-Caree-Rose-1-827x827px-650x827.png",650,827,true],"aperitif_image_size_huge-square":["https:\/\/ladifference-roussillon.com\/wp-content\/uploads\/2024\/11\/La-Racine-Caree-Rose-1-827x827px.png",827,827,false],"woocommerce_thumbnail":["https:\/\/ladifference-roussillon.com\/wp-content\/uploads\/2024\/11\/La-Racine-Caree-Rose-1-827x827px-300x300.png",300,300,true],"woocommerce_single":["https:\/\/ladifference-roussillon.com\/wp-content\/uploads\/2024\/11\/La-Racine-Caree-Rose-1-827x827px-600x600.png",600,600,true],"woocommerce_gallery_thumbnail":["https:\/\/ladifference-roussillon.com\/wp-content\/uploads\/2024\/11\/La-Racine-Caree-Rose-1-827x827px-100x100.png",100,100,true]},"uagb_author_info":{"display_name":"diff","author_link":"https:\/\/ladifference-roussillon.com\/en\/author\/"},"uagb_comment_info":0,"uagb_excerpt":"AOP Languedoc La Racine Carre\u0301e se de\u0301cline aussi en rose\u0301 ! Un ros\u00e9 100 % plaisir ! On l'aime pour sa simplicit\u00e9, sa franchise et son \u00e9quilibre. Laissez-vous tenter par sa finesse et sa vivacit\u00e9 ! Soyez fous, osez la d\u00e9guster en hiver comme une piqure de rappel ensoleill\u00e9e.","_links":{"self":[{"href":"https:\/\/ladifference-roussillon.com\/en\/wp-json\/wp\/v2\/product\/4692","targetHints":{"allow":["GET"]}}],"collection":[{"href":"https:\/\/ladifference-roussillon.com\/en\/wp-json\/wp\/v2\/product"}],"about":[{"href":"https:\/\/ladifference-roussillon.com\/en\/wp-json\/wp\/v2\/types\/product"}],"wp:featuredmedia":[{"embeddable":true,"href":"https:\/\/ladifference-roussillon.com\/en\/wp-json\/wp\/v2\/media\/6177"}],"wp:attachment":[{"href":"https:\/\/ladifference-roussillon.com\/en\/wp-json\/wp\/v2\/media?parent=4692"}],"wp:term":[{"taxonomy":"product_brand","embeddable":true,"href":"https:\/\/ladifference-roussillon.com\/en\/wp-json\/wp\/v2\/product_brand?post=4692"},{"taxonomy":"product_cat","embeddable":true,"href":"https:\/\/ladifference-roussillon.com\/en\/wp-json\/wp\/v2\/product_cat?post=4692"},{"taxonomy":"product_tag","embeddable":true,"href":"https:\/\/ladifference-roussillon.com\/en\/wp-json\/wp\/v2\/product_tag?post=4692"}],"curies":[{"name":"wp","href":"https:\/\/api.w.org\/{rel}","templated":true}]}}