{"id":4697,"date":"2021-05-09T21:31:58","date_gmt":"2021-05-09T21:31:58","guid":{"rendered":"https:\/\/ladifference-roussillon.com\/\/?post_type=product&#038;p=4697"},"modified":"2024-08-25T15:04:19","modified_gmt":"2024-08-25T15:04:19","slug":"vinaigre","status":"publish","type":"product","link":"https:\/\/ladifference-roussillon.com\/en\/vinaigre\/","title":{"rendered":"VINEGAR"},"content":{"rendered":"","protected":false},"excerpt":{"rendered":"<p>Our La Diff\u00e9rence vintage is aged for many months in new French oak barrels; our vinegar is produced from this to allow you to \u201cmake a difference\u201d\u2026 to the limits of pleasure!<\/p>","protected":false},"featured_media":5561,"template":"","meta":{"_acf_changed":false,"_uag_custom_page_level_css":""},"product_brand":[],"product_cat":[96],"product_tag":[],"class_list":{"0":"post-4697","1":"product","2":"type-product","3":"status-publish","4":"has-post-thumbnail","6":"product_cat-autres","7":"product_shipping_class-livraison-standard","9":"first","10":"instock","11":"taxable","12":"shipping-taxable","13":"purchasable","14":"product-type-simple"},"acf":[],"uagb_featured_image_src":{"full":["https:\/\/ladifference-roussillon.com\/wp-content\/uploads\/2021\/11\/vinaigre.jpg",827,827,false],"thumbnail":["https:\/\/ladifference-roussillon.com\/wp-content\/uploads\/2021\/11\/vinaigre-150x150.jpg",150,150,true],"medium":["https:\/\/ladifference-roussillon.com\/wp-content\/uploads\/2021\/11\/vinaigre-300x300.jpg",300,300,true],"medium_large":["https:\/\/ladifference-roussillon.com\/wp-content\/uploads\/2021\/11\/vinaigre-768x768.jpg",768,768,true],"large":["https:\/\/ladifference-roussillon.com\/wp-content\/uploads\/2021\/11\/vinaigre.jpg",827,827,false],"1536x1536":["https:\/\/ladifference-roussillon.com\/wp-content\/uploads\/2021\/11\/vinaigre.jpg",827,827,false],"2048x2048":["https:\/\/ladifference-roussillon.com\/wp-content\/uploads\/2021\/11\/vinaigre.jpg",827,827,false],"trp-custom-language-flag":["https:\/\/ladifference-roussillon.com\/wp-content\/uploads\/2021\/11\/vinaigre-12x12.jpg",12,12,true],"aperitif_image_size_square":["https:\/\/ladifference-roussillon.com\/wp-content\/uploads\/2021\/11\/vinaigre-650x650.jpg",650,650,true],"aperitif_image_size_landscape":["https:\/\/ladifference-roussillon.com\/wp-content\/uploads\/2021\/11\/vinaigre-827x650.jpg",827,650,true],"aperitif_image_size_portrait":["https:\/\/ladifference-roussillon.com\/wp-content\/uploads\/2021\/11\/vinaigre-650x827.jpg",650,827,true],"aperitif_image_size_huge-square":["https:\/\/ladifference-roussillon.com\/wp-content\/uploads\/2021\/11\/vinaigre.jpg",827,827,false],"woocommerce_thumbnail":["https:\/\/ladifference-roussillon.com\/wp-content\/uploads\/2021\/11\/vinaigre-300x300.jpg",300,300,true],"woocommerce_single":["https:\/\/ladifference-roussillon.com\/wp-content\/uploads\/2021\/11\/vinaigre-600x600.jpg",600,600,true],"woocommerce_gallery_thumbnail":["https:\/\/ladifference-roussillon.com\/wp-content\/uploads\/2021\/11\/vinaigre-100x100.jpg",100,100,true]},"uagb_author_info":{"display_name":"diff","author_link":"https:\/\/ladifference-roussillon.com\/en\/author\/"},"uagb_comment_info":0,"uagb_excerpt":"Notre cuv\u00e9e La Diff\u00e9rence s'\u00e9l\u00e8ve durant de longs mois en barrique neuve de ch\u00eane fran\u00e7ais ; notre vinaigre en est issu pour vous permettre de \"faire la diff\u00e9rence\"... jusqu'aux limites du plaisir !","_links":{"self":[{"href":"https:\/\/ladifference-roussillon.com\/en\/wp-json\/wp\/v2\/product\/4697","targetHints":{"allow":["GET"]}}],"collection":[{"href":"https:\/\/ladifference-roussillon.com\/en\/wp-json\/wp\/v2\/product"}],"about":[{"href":"https:\/\/ladifference-roussillon.com\/en\/wp-json\/wp\/v2\/types\/product"}],"wp:featuredmedia":[{"embeddable":true,"href":"https:\/\/ladifference-roussillon.com\/en\/wp-json\/wp\/v2\/media\/5561"}],"wp:attachment":[{"href":"https:\/\/ladifference-roussillon.com\/en\/wp-json\/wp\/v2\/media?parent=4697"}],"wp:term":[{"taxonomy":"product_brand","embeddable":true,"href":"https:\/\/ladifference-roussillon.com\/en\/wp-json\/wp\/v2\/product_brand?post=4697"},{"taxonomy":"product_cat","embeddable":true,"href":"https:\/\/ladifference-roussillon.com\/en\/wp-json\/wp\/v2\/product_cat?post=4697"},{"taxonomy":"product_tag","embeddable":true,"href":"https:\/\/ladifference-roussillon.com\/en\/wp-json\/wp\/v2\/product_tag?post=4697"}],"curies":[{"name":"wp","href":"https:\/\/api.w.org\/{rel}","templated":true}]}}