{"id":5614,"date":"2021-12-01T17:24:34","date_gmt":"2021-12-01T17:24:34","guid":{"rendered":"https:\/\/ladifference-roussillon.com\/?post_type=product&#038;p=5614"},"modified":"2025-08-27T13:34:52","modified_gmt":"2025-08-27T13:34:52","slug":"coffret-magnum-racine-carree","status":"publish","type":"product","link":"https:\/\/ladifference-roussillon.com\/en\/coffret-magnum-racine-carree\/","title":{"rendered":"Premium Square Root Magnum Box"},"content":{"rendered":"","protected":false},"excerpt":{"rendered":"<p>1 magnum of Racine Carr\u00e9e red premium 2020 75 cl<br \/>\n1 Domaine La Difference apron<br \/>\n1 sommelier Domaine La Difference<br \/>\n1 drop stopper<\/p>\n<p><em>Free delivery<\/em><\/p>","protected":false},"featured_media":5409,"template":"","meta":{"_acf_changed":false,"_uag_custom_page_level_css":""},"product_brand":[],"product_cat":[100],"product_tag":[],"class_list":{"0":"post-5614","1":"product","2":"type-product","3":"status-publish","4":"has-post-thumbnail","6":"product_cat-coffrets","7":"product_shipping_class-franco-de-port","9":"first","10":"outofstock","11":"taxable","12":"shipping-taxable","13":"purchasable","14":"product-type-simple"},"acf":[],"uagb_featured_image_src":{"full":["https:\/\/ladifference-roussillon.com\/wp-content\/uploads\/2021\/11\/coffret-cadeau-0.jpg",683,683,false],"thumbnail":["https:\/\/ladifference-roussillon.com\/wp-content\/uploads\/2021\/11\/coffret-cadeau-0-150x150.jpg",150,150,true],"medium":["https:\/\/ladifference-roussillon.com\/wp-content\/uploads\/2021\/11\/coffret-cadeau-0-300x300.jpg",300,300,true],"medium_large":["https:\/\/ladifference-roussillon.com\/wp-content\/uploads\/2021\/11\/coffret-cadeau-0.jpg",683,683,false],"large":["https:\/\/ladifference-roussillon.com\/wp-content\/uploads\/2021\/11\/coffret-cadeau-0.jpg",683,683,false],"1536x1536":["https:\/\/ladifference-roussillon.com\/wp-content\/uploads\/2021\/11\/coffret-cadeau-0.jpg",683,683,false],"2048x2048":["https:\/\/ladifference-roussillon.com\/wp-content\/uploads\/2021\/11\/coffret-cadeau-0.jpg",683,683,false],"trp-custom-language-flag":["https:\/\/ladifference-roussillon.com\/wp-content\/uploads\/2021\/11\/coffret-cadeau-0-12x12.jpg",12,12,true],"aperitif_image_size_square":["https:\/\/ladifference-roussillon.com\/wp-content\/uploads\/2021\/11\/coffret-cadeau-0-650x650.jpg",650,650,true],"aperitif_image_size_landscape":["https:\/\/ladifference-roussillon.com\/wp-content\/uploads\/2021\/11\/coffret-cadeau-0-683x650.jpg",683,650,true],"aperitif_image_size_portrait":["https:\/\/ladifference-roussillon.com\/wp-content\/uploads\/2021\/11\/coffret-cadeau-0-650x683.jpg",650,683,true],"aperitif_image_size_huge-square":["https:\/\/ladifference-roussillon.com\/wp-content\/uploads\/2021\/11\/coffret-cadeau-0.jpg",683,683,false],"woocommerce_thumbnail":["https:\/\/ladifference-roussillon.com\/wp-content\/uploads\/2021\/11\/coffret-cadeau-0-300x300.jpg",300,300,true],"woocommerce_single":["https:\/\/ladifference-roussillon.com\/wp-content\/uploads\/2021\/11\/coffret-cadeau-0-600x600.jpg",600,600,true],"woocommerce_gallery_thumbnail":["https:\/\/ladifference-roussillon.com\/wp-content\/uploads\/2021\/11\/coffret-cadeau-0-100x100.jpg",100,100,true]},"uagb_author_info":{"display_name":"J\u00e9r\u00f4me Labarbe","author_link":"https:\/\/ladifference-roussillon.com\/en\/author\/"},"uagb_comment_info":0,"uagb_excerpt":"1 magnum de Racine Carr\u00e9e rouge premium 2020 75 cl 1 tablier Domaine La Diff\u00e9rence 1 sommelier Domaine La Diff\u00e9rence 1 stop goutte Livraison offerte","_links":{"self":[{"href":"https:\/\/ladifference-roussillon.com\/en\/wp-json\/wp\/v2\/product\/5614","targetHints":{"allow":["GET"]}}],"collection":[{"href":"https:\/\/ladifference-roussillon.com\/en\/wp-json\/wp\/v2\/product"}],"about":[{"href":"https:\/\/ladifference-roussillon.com\/en\/wp-json\/wp\/v2\/types\/product"}],"wp:featuredmedia":[{"embeddable":true,"href":"https:\/\/ladifference-roussillon.com\/en\/wp-json\/wp\/v2\/media\/5409"}],"wp:attachment":[{"href":"https:\/\/ladifference-roussillon.com\/en\/wp-json\/wp\/v2\/media?parent=5614"}],"wp:term":[{"taxonomy":"product_brand","embeddable":true,"href":"https:\/\/ladifference-roussillon.com\/en\/wp-json\/wp\/v2\/product_brand?post=5614"},{"taxonomy":"product_cat","embeddable":true,"href":"https:\/\/ladifference-roussillon.com\/en\/wp-json\/wp\/v2\/product_cat?post=5614"},{"taxonomy":"product_tag","embeddable":true,"href":"https:\/\/ladifference-roussillon.com\/en\/wp-json\/wp\/v2\/product_tag?post=5614"}],"curies":[{"name":"wp","href":"https:\/\/api.w.org\/{rel}","templated":true}]}}