{"id":6245,"date":"2025-04-17T14:24:39","date_gmt":"2025-04-17T14:24:39","guid":{"rendered":"https:\/\/ladifference-roussillon.com\/?post_type=product&#038;p=6245"},"modified":"2025-12-02T13:44:22","modified_gmt":"2025-12-02T13:44:22","slug":"la-petite-racine-blanc","status":"publish","type":"product","link":"https:\/\/ladifference-roussillon.com\/en\/la-petite-racine-blanc\/","title":{"rendered":"The Little White Root"},"content":{"rendered":"","protected":false},"excerpt":{"rendered":"<p><strong>IGP Oc<\/strong><\/p>\n<p id=\"replybody1_oo_editor_Editor_2_sandBox_sandBox \">If, like us, you believe that wine should remain above all a simple and convivial pleasure, you will love our Petites Racines!<\/p>\n<p>Authentic and uninhibited, they come in 3 colors: a light red, a subtle pink and a soft white.<\/p>","protected":false},"featured_media":6247,"template":"","meta":{"_acf_changed":false,"_uag_custom_page_level_css":""},"product_brand":[],"product_cat":[94],"product_tag":[],"class_list":{"0":"post-6245","1":"product","2":"type-product","3":"status-publish","4":"has-post-thumbnail","6":"product_cat-les-blancs","7":"product_shipping_class-livraison-standard","9":"first","10":"instock","11":"taxable","12":"shipping-taxable","13":"purchasable","14":"product-type-variable","15":"has-default-attributes"},"acf":[],"uagb_featured_image_src":{"full":["https:\/\/ladifference-roussillon.com\/wp-content\/uploads\/2025\/04\/VX-blc-copie.png",239,827,false],"thumbnail":["https:\/\/ladifference-roussillon.com\/wp-content\/uploads\/2025\/04\/VX-blc-copie-150x150.png",150,150,true],"medium":["https:\/\/ladifference-roussillon.com\/wp-content\/uploads\/2025\/04\/VX-blc-copie-87x300.png",87,300,true],"medium_large":["https:\/\/ladifference-roussillon.com\/wp-content\/uploads\/2025\/04\/VX-blc-copie.png",239,827,false],"large":["https:\/\/ladifference-roussillon.com\/wp-content\/uploads\/2025\/04\/VX-blc-copie.png",239,827,false],"1536x1536":["https:\/\/ladifference-roussillon.com\/wp-content\/uploads\/2025\/04\/VX-blc-copie.png",239,827,false],"2048x2048":["https:\/\/ladifference-roussillon.com\/wp-content\/uploads\/2025\/04\/VX-blc-copie.png",239,827,false],"trp-custom-language-flag":["https:\/\/ladifference-roussillon.com\/wp-content\/uploads\/2025\/04\/VX-blc-copie-3x12.png",3,12,true],"aperitif_image_size_square":["https:\/\/ladifference-roussillon.com\/wp-content\/uploads\/2025\/04\/VX-blc-copie-239x650.png",239,650,true],"aperitif_image_size_landscape":["https:\/\/ladifference-roussillon.com\/wp-content\/uploads\/2025\/04\/VX-blc-copie-239x650.png",239,650,true],"aperitif_image_size_portrait":["https:\/\/ladifference-roussillon.com\/wp-content\/uploads\/2025\/04\/VX-blc-copie.png",239,827,false],"aperitif_image_size_huge-square":["https:\/\/ladifference-roussillon.com\/wp-content\/uploads\/2025\/04\/VX-blc-copie.png",239,827,false],"woocommerce_thumbnail":["https:\/\/ladifference-roussillon.com\/wp-content\/uploads\/2025\/04\/VX-blc-copie.png",239,827,false],"woocommerce_single":["https:\/\/ladifference-roussillon.com\/wp-content\/uploads\/2025\/04\/VX-blc-copie.png",239,827,false],"woocommerce_gallery_thumbnail":["https:\/\/ladifference-roussillon.com\/wp-content\/uploads\/2025\/04\/VX-blc-copie-100x100.png",100,100,true]},"uagb_author_info":{"display_name":"gestionDLD","author_link":"https:\/\/ladifference-roussillon.com\/en\/author\/"},"uagb_comment_info":0,"uagb_excerpt":"IGP Oc Si, comme nous, vous pensez que le vin doit rester avant tout un plaisir simple et convivial, vous adorerez nos Petites Racines ! Authentiques et d\u00e9complex\u00e9es, elles se d\u00e9clinent en 3 couleurs : un rouge l\u00e9ger, un ros\u00e9 subtil et un blanc tendre.","_links":{"self":[{"href":"https:\/\/ladifference-roussillon.com\/en\/wp-json\/wp\/v2\/product\/6245","targetHints":{"allow":["GET"]}}],"collection":[{"href":"https:\/\/ladifference-roussillon.com\/en\/wp-json\/wp\/v2\/product"}],"about":[{"href":"https:\/\/ladifference-roussillon.com\/en\/wp-json\/wp\/v2\/types\/product"}],"wp:featuredmedia":[{"embeddable":true,"href":"https:\/\/ladifference-roussillon.com\/en\/wp-json\/wp\/v2\/media\/6247"}],"wp:attachment":[{"href":"https:\/\/ladifference-roussillon.com\/en\/wp-json\/wp\/v2\/media?parent=6245"}],"wp:term":[{"taxonomy":"product_brand","embeddable":true,"href":"https:\/\/ladifference-roussillon.com\/en\/wp-json\/wp\/v2\/product_brand?post=6245"},{"taxonomy":"product_cat","embeddable":true,"href":"https:\/\/ladifference-roussillon.com\/en\/wp-json\/wp\/v2\/product_cat?post=6245"},{"taxonomy":"product_tag","embeddable":true,"href":"https:\/\/ladifference-roussillon.com\/en\/wp-json\/wp\/v2\/product_tag?post=6245"}],"curies":[{"name":"wp","href":"https:\/\/api.w.org\/{rel}","templated":true}]}}